{"id":3841,"date":"2021-05-05T10:25:54","date_gmt":"2021-05-05T08:25:54","guid":{"rendered":"http:\/\/schlosshotel.ayanaut.com\/kontakt-formular\/"},"modified":"2021-07-19T20:13:26","modified_gmt":"2021-07-19T18:13:26","slug":"kontakt-formular","status":"publish","type":"page","link":"https:\/\/schlosshotel.ayanaut.com\/de\/kontakt-formular\/","title":{"rendered":"Kontakt Formular"},"content":{"rendered":"<p>[et_pb_section fb_built=&#8220;1&#8243; admin_label=&#8220;Header&#8220; _builder_version=&#8220;4.9.3&#8243; use_background_color_gradient=&#8220;on&#8220; background_color_gradient_start=&#8220;rgba(255,255,255,0.89)&#8220; background_color_gradient_end=&#8220;rgba(255,255,255,0)&#8220; background_color_gradient_type=&#8220;radial&#8220; background_color_gradient_direction_radial=&#8220;top left&#8220; background_color_gradient_start_position=&#8220;30%&#8220; background_color_gradient_end_position=&#8220;80%&#8220; background_color_gradient_overlays_image=&#8220;on&#8220; background_image=&#8220;http:\/\/schlosshotel.ayanaut.com\/wp-content\/uploads\/2020\/09\/DSC_6602-scaled.jpg&#8220; custom_padding=&#8220;8vw|0px|0|0px|false|false&#8220; locked=&#8220;off&#8220;][et_pb_row _builder_version=&#8220;3.25&#8243;][et_pb_column type=&#8220;4_4&#8243; _builder_version=&#8220;3.25&#8243; custom_padding=&#8220;|||&#8220; custom_padding__hover=&#8220;|||&#8220;][et_pb_text _builder_version=&#8220;4.9.3&#8243; text_font=&#8220;||||||||&#8220; header_font=&#8220;Raleway|700|||||||&#8220; header_font_size=&#8220;80px&#8220; header_line_height=&#8220;1.2em&#8220; header_5_font=&#8220;Raleway|700||on|||||&#8220; header_5_text_color=&#8220;#000000&#8243; header_5_font_size=&#8220;20px&#8220; header_5_letter_spacing=&#8220;0.5em&#8220; header_5_line_height=&#8220;1.8em&#8220; animation_style=&#8220;zoom&#8220; animation_intensity_zoom=&#8220;5%&#8220; header_font_size_tablet=&#8220;48px&#8220; header_font_size_phone=&#8220;32px&#8220; header_font_size_last_edited=&#8220;on|phone&#8220; header_5_font_size_tablet=&#8220;14px&#8220; header_5_font_size_phone=&#8220;12px&#8220; header_5_font_size_last_edited=&#8220;on|desktop&#8220;]<\/p>\n<h5>schlosshotel.cz<\/h5>\n<h1>Anfrageformular<\/h1>\n<p>[\/et_pb_text][\/et_pb_column][\/et_pb_row][\/et_pb_section][et_pb_section fb_built=&#8220;1&#8243; specialty=&#8220;on&#8220; _builder_version=&#8220;3.22&#8243; custom_padding=&#8220;50px|0|50px|0px|false|false&#8220; locked=&#8220;off&#8220;][et_pb_column type=&#8220;3_4&#8243; specialty_columns=&#8220;3&#8243; _builder_version=&#8220;3.25&#8243; custom_padding=&#8220;|||&#8220; custom_padding__hover=&#8220;|||&#8220;][et_pb_row_inner _builder_version=&#8220;3.25&#8243; custom_margin=&#8220;|||&#8220; custom_padding=&#8220;30px|0px|0|0px|false|false&#8220;][et_pb_column_inner saved_specialty_column_type=&#8220;3_4&#8243; _builder_version=&#8220;3.25&#8243; custom_padding=&#8220;|||&#8220; custom_padding__hover=&#8220;|||&#8220;][et_pb_contact_form email=&#8220;reservation@schlosshotel.cz&#8220; module_id=&#8220;et_pb_contact_form_0&#8243; _builder_version=&#8220;4.9.3&#8243; form_field_background_color=&#8220;#f5f5f5&#8243; title_level=&#8220;h2&#8243; title_font=&#8220;Raleway|700|||||||&#8220; title_font_size=&#8220;50px&#8220; title_line_height=&#8220;1.8em&#8220; form_field_font=&#8220;Raleway||||||||&#8220; form_field_line_height=&#8220;2em&#8220; custom_button=&#8220;on&#8220; button_text_size=&#8220;16px&#8220; button_text_color=&#8220;#b2b9c4&#8243; button_bg_color=&#8220;rgba(178,185,196,0)&#8220; button_border_color=&#8220;rgba(0,0,0,0)&#8220; button_border_radius=&#8220;0px&#8220; button_font=&#8220;Raleway|700|||||||&#8220; hover_enabled=&#8220;0&#8243; title_font_size_tablet=&#8220;35px&#8220; title_font_size_phone=&#8220;25px&#8220; title_font_size_last_edited=&#8220;on|desktop&#8220; form_background_color=&#8220;#f5f5f5&#8243; locked=&#8220;off&#8220; button_border_radius_hover=&#8220;0px&#8220; sticky_enabled=&#8220;0&#8243;][et_pb_contact_field field_id=&#8220;Name&#8220; field_title=&#8220;Name&#8220; fullwidth_field=&#8220;on&#8220; _builder_version=&#8220;3.16&#8243; button_text_size__hover_enabled=&#8220;off&#8220; button_one_text_size__hover_enabled=&#8220;off&#8220; button_two_text_size__hover_enabled=&#8220;off&#8220; button_text_color__hover_enabled=&#8220;off&#8220; button_one_text_color__hover_enabled=&#8220;off&#8220; button_two_text_color__hover_enabled=&#8220;off&#8220; button_border_width__hover_enabled=&#8220;off&#8220; button_one_border_width__hover_enabled=&#8220;off&#8220; button_two_border_width__hover_enabled=&#8220;off&#8220; button_border_color__hover_enabled=&#8220;off&#8220; button_one_border_color__hover_enabled=&#8220;off&#8220; button_two_border_color__hover_enabled=&#8220;off&#8220; button_border_radius__hover_enabled=&#8220;off&#8220; button_one_border_radius__hover_enabled=&#8220;off&#8220; button_two_border_radius__hover_enabled=&#8220;off&#8220; button_letter_spacing__hover_enabled=&#8220;off&#8220; button_one_letter_spacing__hover_enabled=&#8220;off&#8220; button_two_letter_spacing__hover_enabled=&#8220;off&#8220; button_bg_color__hover_enabled=&#8220;off&#8220; button_one_bg_color__hover_enabled=&#8220;off&#8220; button_two_bg_color__hover_enabled=&#8220;off&#8220;][\/et_pb_contact_field][et_pb_contact_field field_id=&#8220;Email&#8220; field_title=&#8220;Email&#8220; field_type=&#8220;email&#8220; fullwidth_field=&#8220;on&#8220; _builder_version=&#8220;3.16&#8243; button_text_size__hover_enabled=&#8220;off&#8220; button_one_text_size__hover_enabled=&#8220;off&#8220; button_two_text_size__hover_enabled=&#8220;off&#8220; button_text_color__hover_enabled=&#8220;off&#8220; button_one_text_color__hover_enabled=&#8220;off&#8220; button_two_text_color__hover_enabled=&#8220;off&#8220; button_border_width__hover_enabled=&#8220;off&#8220; button_one_border_width__hover_enabled=&#8220;off&#8220; button_two_border_width__hover_enabled=&#8220;off&#8220; button_border_color__hover_enabled=&#8220;off&#8220; button_one_border_color__hover_enabled=&#8220;off&#8220; button_two_border_color__hover_enabled=&#8220;off&#8220; button_border_radius__hover_enabled=&#8220;off&#8220; button_one_border_radius__hover_enabled=&#8220;off&#8220; button_two_border_radius__hover_enabled=&#8220;off&#8220; button_letter_spacing__hover_enabled=&#8220;off&#8220; button_one_letter_spacing__hover_enabled=&#8220;off&#8220; button_two_letter_spacing__hover_enabled=&#8220;off&#8220; button_bg_color__hover_enabled=&#8220;off&#8220; button_one_bg_color__hover_enabled=&#8220;off&#8220; button_two_bg_color__hover_enabled=&#8220;off&#8220;][\/et_pb_contact_field][et_pb_contact_field field_id=&#8220;Field_4&#8243; field_title=&#8220;W\u00e4hlen Sie das Paket&#8220; field_type=&#8220;select&#8220; select_options=&#8220;%91{%22value%22:%22Post Covid Aufenthalt%22,%22checked%22:0,%22dragID%22:-1},{%22value%22:%22THERMA therapeutischer Aufenthalt%22,%22checked%22:0,%22dragID%22:0},{%22value%22:%22Der Geruch des Adriaten (kroatisches Paket)%22,%22checked%22:0,%22dragID%22:1},{%22value%22:%22Bierwellness, 3 N\u00e4chte%22,%22checked%22:0,%22dragID%22:5},{%22value%22:%22Aurora Wellness%22,%22checked%22:0,%22dragID%22:6},{%22value%22:%22Wochenendaufenthalt%22,%22checked%22:0,%22dragID%22:7},{%22value%22:%22Wochenend-Golf 2 N\u00e4chte%22,%22checked%22:0,%22dragID%22:2},{%22value%22:%22Golf &amp; Spa 3 N\u00e4chte%22,%22checked%22:0,%22dragID%22:3},{%22value%22:%22Golf f\u00fcr ihn \u2013 Spa f\u00fcr sie, 2 N\u00e4chte%22,%22checked%22:0,%22dragID%22:4}%93&#8243; fullwidth_field=&#8220;on&#8220; field_title_tablet=&#8220;&#8220; field_title_phone=&#8220;&#8220; field_title_last_edited=&#8220;on|desktop&#8220; _builder_version=&#8220;4.9.3&#8243; _module_preset=&#8220;default&#8220;][\/et_pb_contact_field][et_pb_contact_field field_id=&#8220;Field_5&#8243; field_title=&#8220;Termine&#8220; fullwidth_field=&#8220;on&#8220; _builder_version=&#8220;4.9.3&#8243; _module_preset=&#8220;default&#8220;][\/et_pb_contact_field][et_pb_contact_field field_id=&#8220;Message&#8220; field_title=&#8220;Botschaft&#8220; field_type=&#8220;text&#8220; fullwidth_field=&#8220;on&#8220; _builder_version=&#8220;3.16&#8243; button_text_size__hover_enabled=&#8220;off&#8220; button_one_text_size__hover_enabled=&#8220;off&#8220; button_two_text_size__hover_enabled=&#8220;off&#8220; button_text_color__hover_enabled=&#8220;off&#8220; button_one_text_color__hover_enabled=&#8220;off&#8220; button_two_text_color__hover_enabled=&#8220;off&#8220; button_border_width__hover_enabled=&#8220;off&#8220; button_one_border_width__hover_enabled=&#8220;off&#8220; button_two_border_width__hover_enabled=&#8220;off&#8220; button_border_color__hover_enabled=&#8220;off&#8220; button_one_border_color__hover_enabled=&#8220;off&#8220; button_two_border_color__hover_enabled=&#8220;off&#8220; button_border_radius__hover_enabled=&#8220;off&#8220; button_one_border_radius__hover_enabled=&#8220;off&#8220; button_two_border_radius__hover_enabled=&#8220;off&#8220; button_letter_spacing__hover_enabled=&#8220;off&#8220; button_one_letter_spacing__hover_enabled=&#8220;off&#8220; button_two_letter_spacing__hover_enabled=&#8220;off&#8220; button_bg_color__hover_enabled=&#8220;off&#8220; button_one_bg_color__hover_enabled=&#8220;off&#8220; button_two_bg_color__hover_enabled=&#8220;off&#8220;][\/et_pb_contact_field][\/et_pb_contact_form][\/et_pb_column_inner][\/et_pb_row_inner][\/et_pb_column][et_pb_column type=&#8220;1_4&#8243; _builder_version=&#8220;3.25&#8243; custom_padding=&#8220;|||&#8220; custom_padding__hover=&#8220;|||&#8220;][et_pb_social_media_follow _builder_version=&#8220;4.9.3&#8243; max_width=&#8220;60px&#8220; max_width_tablet=&#8220;100%&#8220; max_width_phone=&#8220;&#8220; max_width_last_edited=&#8220;on|tablet&#8220; border_radii=&#8220;on|100px|100px|100px|100px&#8220; locked=&#8220;off&#8220;][et_pb_social_media_follow_network social_network=&#8220;facebook&#8220; url=&#8220;https:\/\/www.facebook.com\/flamarkhotels\/&#8220; _builder_version=&#8220;4.9.3&#8243; background_color=&#8220;#b2b9c4&#8243; custom_margin=&#8220;4px|4px|4px|4px|true|true&#8220; custom_padding=&#8220;6px|6px|6px|6px|true|true&#8220; follow_button=&#8220;off&#8220; url_new_window=&#8220;on&#8220;]facebook[\/et_pb_social_media_follow_network][et_pb_social_media_follow_network social_network=&#8220;instagram&#8220; url=&#8220;https:\/\/www.instagram.com\/schlosshotel_marienbad\/&#8220; _builder_version=&#8220;4.9.3&#8243; background_color=&#8220;#b2b9c4&#8243; custom_margin=&#8220;4px|4px|4px|4px|true|true&#8220; custom_padding=&#8220;6px|6px|6px|6px|true|true&#8220; follow_button=&#8220;off&#8220; url_new_window=&#8220;on&#8220;]instagram[\/et_pb_social_media_follow_network][\/et_pb_social_media_follow][\/et_pb_column][\/et_pb_section][et_pb_section fb_built=&#8220;1&#8243; admin_label=&#8220;Driving Directions&#8220; _builder_version=&#8220;3.22&#8243;][et_pb_row column_structure=&#8220;1_5,1_5,1_5,1_5,1_5&#8243; _builder_version=&#8220;3.25&#8243;][et_pb_column type=&#8220;1_5&#8243; _builder_version=&#8220;3.25&#8243; custom_padding=&#8220;|||&#8220; custom_padding__hover=&#8220;|||&#8220;][et_pb_image src=&#8220;http:\/\/schlosshotel.ayanaut.com\/wp-content\/uploads\/2021\/04\/Hotel-fasada-1920&#215;1280-RES.jpg&#8220; title_text=&#8220;Hotel fasada 1920&#215;1280 RES&#8220; _builder_version=&#8220;4.9.3&#8243; _module_preset=&#8220;default&#8220;][\/et_pb_image][\/et_pb_column][et_pb_column type=&#8220;1_5&#8243; _builder_version=&#8220;3.25&#8243; custom_padding=&#8220;|||&#8220; custom_padding__hover=&#8220;|||&#8220;][et_pb_image src=&#8220;http:\/\/schlosshotel.ayanaut.com\/wp-content\/uploads\/2021\/04\/Fountain-kolonada1920x1280.jpg&#8220; alt=&#8220;Kolonada&#8220; title_text=&#8220;Fountain-kolonada1920x1280&#8243; _builder_version=&#8220;4.9.3&#8243; _module_preset=&#8220;default&#8220;][\/et_pb_image][\/et_pb_column][et_pb_column type=&#8220;1_5&#8243; _builder_version=&#8220;3.25&#8243; custom_padding=&#8220;|||&#8220; custom_padding__hover=&#8220;|||&#8220;][et_pb_image src=&#8220;http:\/\/schlosshotel.ayanaut.com\/wp-content\/uploads\/2021\/04\/Golf-course-1920&#215;1280-1.jpg&#8220; title_text=&#8220;Golf course 1920&#215;1280&#8243; _builder_version=&#8220;4.9.3&#8243; _module_preset=&#8220;default&#8220;][\/et_pb_image][\/et_pb_column][et_pb_column type=&#8220;1_5&#8243; _builder_version=&#8220;3.25&#8243; custom_padding=&#8220;|||&#8220; custom_padding__hover=&#8220;|||&#8220;][et_pb_image src=&#8220;http:\/\/schlosshotel.ayanaut.com\/wp-content\/uploads\/2021\/04\/Colonada-view1920x1280.jpg&#8220; alt=&#8220;Hochzeiten&#8220; title_text=&#8220;Colonada view1920x1280&#8243; _builder_version=&#8220;4.9.3&#8243; _module_preset=&#8220;default&#8220;][\/et_pb_image][\/et_pb_column][et_pb_column type=&#8220;1_5&#8243; _builder_version=&#8220;3.25&#8243; custom_padding=&#8220;|||&#8220; custom_padding__hover=&#8220;|||&#8220;][et_pb_image src=&#8220;http:\/\/schlosshotel.ayanaut.com\/wp-content\/uploads\/2021\/04\/Bar3-1920&#215;1280-1.jpg&#8220; title_text=&#8220;Bar3-1920&#215;1280&#8243; _builder_version=&#8220;4.9.3&#8243; _module_preset=&#8220;default&#8220;][\/et_pb_image][\/et_pb_column][\/et_pb_row][\/et_pb_section]<\/p>\n","protected":false},"excerpt":{"rendered":"<p>schlosshotel.cz Anfrageformularfacebookinstagram<\/p>\n","protected":false},"author":2,"featured_media":0,"parent":0,"menu_order":0,"comment_status":"closed","ping_status":"closed","template":"","meta":{"_et_pb_use_builder":"on","_et_pb_old_content":"","_et_gb_content_width":"","_monsterinsights_skip_tracking":false,"_monsterinsights_sitenote_active":false,"_monsterinsights_sitenote_note":"","_monsterinsights_sitenote_category":0},"yoast_head":"<!-- This site is optimized with the Yoast SEO plugin v18.0 - https:\/\/yoast.com\/wordpress\/plugins\/seo\/ -->\n<title>Kontakt Formular - SCHLOSSHOTEL MARIENBAD<\/title>\n<meta name=\"robots\" content=\"index, follow, max-snippet:-1, max-image-preview:large, max-video-preview:-1\" \/>\n<link rel=\"canonical\" href=\"https:\/\/schlosshotel.ayanaut.com\/de\/kontakt-formular\/\" \/>\n<meta property=\"og:locale\" content=\"de_DE\" \/>\n<meta property=\"og:type\" content=\"article\" \/>\n<meta property=\"og:title\" content=\"Kontakt Formular - SCHLOSSHOTEL MARIENBAD\" \/>\n<meta property=\"og:description\" content=\"schlosshotel.cz Anfrageformularfacebookinstagram\" \/>\n<meta property=\"og:url\" content=\"https:\/\/schlosshotel.ayanaut.com\/de\/kontakt-formular\/\" \/>\n<meta property=\"og:site_name\" content=\"SCHLOSSHOTEL MARIENBAD\" \/>\n<meta property=\"article:publisher\" content=\"https:\/\/www.facebook.com\/flamarkhotels\/\" \/>\n<meta property=\"article:modified_time\" content=\"2021-07-19T18:13:26+00:00\" \/>\n<meta name=\"twitter:card\" content=\"summary\" \/>\n<meta name=\"twitter:site\" content=\"@SMarienbad\" \/>\n<meta name=\"twitter:label1\" content=\"Gesch\u00e4tzte Lesezeit\" \/>\n\t<meta name=\"twitter:data1\" content=\"7\u00a0Minuten\" \/>\n<script type=\"application\/ld+json\" class=\"yoast-schema-graph\">{\"@context\":\"https:\/\/schema.org\",\"@graph\":[{\"@type\":\"Organization\",\"@id\":\"https:\/\/schlosshotel.ayanaut.com\/#organization\",\"name\":\"Schlosshotel Marienbad\",\"url\":\"https:\/\/schlosshotel.ayanaut.com\/\",\"sameAs\":[\"https:\/\/www.facebook.com\/flamarkhotels\/\",\"https:\/\/www.instagram.com\/schlosshotel_marienbad\/?hl=cs\",\"https:\/\/twitter.com\/SMarienbad\"],\"logo\":{\"@type\":\"ImageObject\",\"@id\":\"https:\/\/schlosshotel.ayanaut.com\/#logo\",\"inLanguage\":\"de\",\"url\":\"http:\/\/schlosshotel.ayanaut.com\/wp-content\/uploads\/2020\/04\/Logo_Schlosshotel_Marienbad.jpg\",\"contentUrl\":\"http:\/\/schlosshotel.ayanaut.com\/wp-content\/uploads\/2020\/04\/Logo_Schlosshotel_Marienbad.jpg\",\"width\":591,\"height\":154,\"caption\":\"Schlosshotel Marienbad\"},\"image\":{\"@id\":\"https:\/\/schlosshotel.ayanaut.com\/#logo\"}},{\"@type\":\"WebSite\",\"@id\":\"https:\/\/schlosshotel.ayanaut.com\/#website\",\"url\":\"https:\/\/schlosshotel.ayanaut.com\/\",\"name\":\"SCHLOSSHOTEL MARIENBAD\",\"description\":\"Schlosshotel, Kururlaub, Marienbad, Unterkunft, Hochzeiten, Massagen, Kurbehandlungen\",\"publisher\":{\"@id\":\"https:\/\/schlosshotel.ayanaut.com\/#organization\"},\"potentialAction\":[{\"@type\":\"SearchAction\",\"target\":{\"@type\":\"EntryPoint\",\"urlTemplate\":\"https:\/\/schlosshotel.ayanaut.com\/?s={search_term_string}\"},\"query-input\":\"required name=search_term_string\"}],\"inLanguage\":\"de\"},{\"@type\":\"WebPage\",\"@id\":\"https:\/\/schlosshotel.ayanaut.com\/de\/kontakt-formular\/#webpage\",\"url\":\"https:\/\/schlosshotel.ayanaut.com\/de\/kontakt-formular\/\",\"name\":\"Kontakt Formular - SCHLOSSHOTEL MARIENBAD\",\"isPartOf\":{\"@id\":\"https:\/\/schlosshotel.ayanaut.com\/#website\"},\"datePublished\":\"2021-05-05T08:25:54+00:00\",\"dateModified\":\"2021-07-19T18:13:26+00:00\",\"breadcrumb\":{\"@id\":\"https:\/\/schlosshotel.ayanaut.com\/de\/kontakt-formular\/#breadcrumb\"},\"inLanguage\":\"de\",\"potentialAction\":[{\"@type\":\"ReadAction\",\"target\":[\"https:\/\/schlosshotel.ayanaut.com\/de\/kontakt-formular\/\"]}]},{\"@type\":\"BreadcrumbList\",\"@id\":\"https:\/\/schlosshotel.ayanaut.com\/de\/kontakt-formular\/#breadcrumb\",\"itemListElement\":[{\"@type\":\"ListItem\",\"position\":1,\"name\":\"Home\",\"item\":\"https:\/\/schlosshotel.ayanaut.com\/de\/\"},{\"@type\":\"ListItem\",\"position\":2,\"name\":\"Kontakt Formular\"}]}]}<\/script>\n<!-- \/ Yoast SEO plugin. -->","yoast_head_json":{"title":"Kontakt Formular - SCHLOSSHOTEL MARIENBAD","robots":{"index":"index","follow":"follow","max-snippet":"max-snippet:-1","max-image-preview":"max-image-preview:large","max-video-preview":"max-video-preview:-1"},"canonical":"https:\/\/schlosshotel.ayanaut.com\/de\/kontakt-formular\/","og_locale":"de_DE","og_type":"article","og_title":"Kontakt Formular - SCHLOSSHOTEL MARIENBAD","og_description":"schlosshotel.cz Anfrageformularfacebookinstagram","og_url":"https:\/\/schlosshotel.ayanaut.com\/de\/kontakt-formular\/","og_site_name":"SCHLOSSHOTEL MARIENBAD","article_publisher":"https:\/\/www.facebook.com\/flamarkhotels\/","article_modified_time":"2021-07-19T18:13:26+00:00","twitter_card":"summary","twitter_site":"@SMarienbad","twitter_misc":{"Gesch\u00e4tzte Lesezeit":"7\u00a0Minuten"},"schema":{"@context":"https:\/\/schema.org","@graph":[{"@type":"Organization","@id":"https:\/\/schlosshotel.ayanaut.com\/#organization","name":"Schlosshotel Marienbad","url":"https:\/\/schlosshotel.ayanaut.com\/","sameAs":["https:\/\/www.facebook.com\/flamarkhotels\/","https:\/\/www.instagram.com\/schlosshotel_marienbad\/?hl=cs","https:\/\/twitter.com\/SMarienbad"],"logo":{"@type":"ImageObject","@id":"https:\/\/schlosshotel.ayanaut.com\/#logo","inLanguage":"de","url":"http:\/\/schlosshotel.ayanaut.com\/wp-content\/uploads\/2020\/04\/Logo_Schlosshotel_Marienbad.jpg","contentUrl":"http:\/\/schlosshotel.ayanaut.com\/wp-content\/uploads\/2020\/04\/Logo_Schlosshotel_Marienbad.jpg","width":591,"height":154,"caption":"Schlosshotel Marienbad"},"image":{"@id":"https:\/\/schlosshotel.ayanaut.com\/#logo"}},{"@type":"WebSite","@id":"https:\/\/schlosshotel.ayanaut.com\/#website","url":"https:\/\/schlosshotel.ayanaut.com\/","name":"SCHLOSSHOTEL MARIENBAD","description":"Schlosshotel, Kururlaub, Marienbad, Unterkunft, Hochzeiten, Massagen, Kurbehandlungen","publisher":{"@id":"https:\/\/schlosshotel.ayanaut.com\/#organization"},"potentialAction":[{"@type":"SearchAction","target":{"@type":"EntryPoint","urlTemplate":"https:\/\/schlosshotel.ayanaut.com\/?s={search_term_string}"},"query-input":"required name=search_term_string"}],"inLanguage":"de"},{"@type":"WebPage","@id":"https:\/\/schlosshotel.ayanaut.com\/de\/kontakt-formular\/#webpage","url":"https:\/\/schlosshotel.ayanaut.com\/de\/kontakt-formular\/","name":"Kontakt Formular - SCHLOSSHOTEL MARIENBAD","isPartOf":{"@id":"https:\/\/schlosshotel.ayanaut.com\/#website"},"datePublished":"2021-05-05T08:25:54+00:00","dateModified":"2021-07-19T18:13:26+00:00","breadcrumb":{"@id":"https:\/\/schlosshotel.ayanaut.com\/de\/kontakt-formular\/#breadcrumb"},"inLanguage":"de","potentialAction":[{"@type":"ReadAction","target":["https:\/\/schlosshotel.ayanaut.com\/de\/kontakt-formular\/"]}]},{"@type":"BreadcrumbList","@id":"https:\/\/schlosshotel.ayanaut.com\/de\/kontakt-formular\/#breadcrumb","itemListElement":[{"@type":"ListItem","position":1,"name":"Home","item":"https:\/\/schlosshotel.ayanaut.com\/de\/"},{"@type":"ListItem","position":2,"name":"Kontakt Formular"}]}]}},"_links":{"self":[{"href":"https:\/\/schlosshotel.ayanaut.com\/de\/wp-json\/wp\/v2\/pages\/3841"}],"collection":[{"href":"https:\/\/schlosshotel.ayanaut.com\/de\/wp-json\/wp\/v2\/pages"}],"about":[{"href":"https:\/\/schlosshotel.ayanaut.com\/de\/wp-json\/wp\/v2\/types\/page"}],"author":[{"embeddable":true,"href":"https:\/\/schlosshotel.ayanaut.com\/de\/wp-json\/wp\/v2\/users\/2"}],"replies":[{"embeddable":true,"href":"https:\/\/schlosshotel.ayanaut.com\/de\/wp-json\/wp\/v2\/comments?post=3841"}],"version-history":[{"count":9,"href":"https:\/\/schlosshotel.ayanaut.com\/de\/wp-json\/wp\/v2\/pages\/3841\/revisions"}],"predecessor-version":[{"id":4795,"href":"https:\/\/schlosshotel.ayanaut.com\/de\/wp-json\/wp\/v2\/pages\/3841\/revisions\/4795"}],"wp:attachment":[{"href":"https:\/\/schlosshotel.ayanaut.com\/de\/wp-json\/wp\/v2\/media?parent=3841"}],"curies":[{"name":"wp","href":"https:\/\/api.w.org\/{rel}","templated":true}]}}