{"id":3482,"date":"2021-04-28T11:42:39","date_gmt":"2021-04-28T09:42:39","guid":{"rendered":"http:\/\/schlosshotel.ayanaut.com\/?page_id=3482"},"modified":"2021-06-24T09:43:08","modified_gmt":"2021-06-24T07:43:08","slug":"contact-form","status":"publish","type":"page","link":"https:\/\/schlosshotel.ayanaut.com\/en\/contact-form\/","title":{"rendered":"Contact form"},"content":{"rendered":"<p>[et_pb_section fb_built=&#8221;1&#8243; admin_label=&#8221;Header&#8221; _builder_version=&#8221;4.9.3&#8243; use_background_color_gradient=&#8221;on&#8221; background_color_gradient_start=&#8221;rgba(255,255,255,0.89)&#8221; background_color_gradient_end=&#8221;rgba(255,255,255,0)&#8221; background_color_gradient_type=&#8221;radial&#8221; background_color_gradient_direction_radial=&#8221;top left&#8221; background_color_gradient_start_position=&#8221;30%&#8221; background_color_gradient_end_position=&#8221;80%&#8221; background_color_gradient_overlays_image=&#8221;on&#8221; background_image=&#8221;http:\/\/schlosshotel.ayanaut.com\/wp-content\/uploads\/2020\/09\/DSC_6602-scaled.jpg&#8221; custom_padding=&#8221;8vw|0px|0|0px|false|false&#8221; locked=&#8221;off&#8221;][et_pb_row _builder_version=&#8221;3.25&#8243;][et_pb_column type=&#8221;4_4&#8243; _builder_version=&#8221;3.25&#8243; custom_padding=&#8221;|||&#8221; custom_padding__hover=&#8221;|||&#8221;][et_pb_text _builder_version=&#8221;4.9.3&#8243; text_font=&#8221;||||||||&#8221; header_font=&#8221;Raleway|700|||||||&#8221; header_font_size=&#8221;80px&#8221; header_line_height=&#8221;1.2em&#8221; header_5_font=&#8221;Raleway|700||on|||||&#8221; header_5_text_color=&#8221;#000000&#8243; header_5_font_size=&#8221;20px&#8221; header_5_letter_spacing=&#8221;0.5em&#8221; header_5_line_height=&#8221;1.8em&#8221; animation_style=&#8221;zoom&#8221; animation_intensity_zoom=&#8221;5%&#8221; header_font_size_tablet=&#8221;48px&#8221; header_font_size_phone=&#8221;32px&#8221; header_font_size_last_edited=&#8221;on|phone&#8221; header_5_font_size_tablet=&#8221;14px&#8221; header_5_font_size_phone=&#8221;12px&#8221; header_5_font_size_last_edited=&#8221;on|desktop&#8221;]<\/p>\n<h5>schlosshotel.cz<\/h5>\n<h1>Request form<\/h1>\n<p>[\/et_pb_text][\/et_pb_column][\/et_pb_row][\/et_pb_section][et_pb_section fb_built=&#8221;1&#8243; specialty=&#8221;on&#8221; _builder_version=&#8221;3.22&#8243; custom_padding=&#8221;50px|0|50px|0px|false|false&#8221; locked=&#8221;off&#8221;][et_pb_column type=&#8221;3_4&#8243; specialty_columns=&#8221;3&#8243; _builder_version=&#8221;3.25&#8243; custom_padding=&#8221;|||&#8221; custom_padding__hover=&#8221;|||&#8221;][et_pb_row_inner _builder_version=&#8221;3.25&#8243; custom_margin=&#8221;|||&#8221; custom_padding=&#8221;30px|0px|0|0px|false|false&#8221;][et_pb_column_inner saved_specialty_column_type=&#8221;3_4&#8243; _builder_version=&#8221;3.25&#8243; custom_padding=&#8221;|||&#8221; custom_padding__hover=&#8221;|||&#8221;][et_pb_contact_form email=&#8221;reservation@schlosshotel.cz&#8221; module_id=&#8221;et_pb_contact_form_0&#8243; _builder_version=&#8221;4.9.3&#8243; form_field_background_color=&#8221;#f5f5f5&#8243; title_level=&#8221;h2&#8243; title_font=&#8221;Raleway|700|||||||&#8221; title_font_size=&#8221;50px&#8221; title_line_height=&#8221;1.8em&#8221; form_field_font=&#8221;Raleway||||||||&#8221; form_field_line_height=&#8221;2em&#8221; custom_button=&#8221;on&#8221; button_text_size=&#8221;16px&#8221; button_text_color=&#8221;#b2b9c4&#8243; button_bg_color=&#8221;rgba(178,185,196,0)&#8221; button_border_color=&#8221;rgba(0,0,0,0)&#8221; button_border_radius=&#8221;0px&#8221; button_font=&#8221;Raleway|700|||||||&#8221; hover_enabled=&#8221;0&#8243; title_font_size_tablet=&#8221;35px&#8221; title_font_size_phone=&#8221;25px&#8221; title_font_size_last_edited=&#8221;on|desktop&#8221; form_background_color=&#8221;#f5f5f5&#8243; locked=&#8221;off&#8221; button_border_radius_hover=&#8221;0px&#8221; sticky_enabled=&#8221;0&#8243;][et_pb_contact_field field_id=&#8221;Name&#8221; field_title=&#8221;Name&#8221; fullwidth_field=&#8221;on&#8221; _builder_version=&#8221;3.16&#8243; button_text_size__hover_enabled=&#8221;off&#8221; button_one_text_size__hover_enabled=&#8221;off&#8221; button_two_text_size__hover_enabled=&#8221;off&#8221; button_text_color__hover_enabled=&#8221;off&#8221; button_one_text_color__hover_enabled=&#8221;off&#8221; button_two_text_color__hover_enabled=&#8221;off&#8221; button_border_width__hover_enabled=&#8221;off&#8221; button_one_border_width__hover_enabled=&#8221;off&#8221; button_two_border_width__hover_enabled=&#8221;off&#8221; button_border_color__hover_enabled=&#8221;off&#8221; button_one_border_color__hover_enabled=&#8221;off&#8221; button_two_border_color__hover_enabled=&#8221;off&#8221; button_border_radius__hover_enabled=&#8221;off&#8221; button_one_border_radius__hover_enabled=&#8221;off&#8221; button_two_border_radius__hover_enabled=&#8221;off&#8221; button_letter_spacing__hover_enabled=&#8221;off&#8221; button_one_letter_spacing__hover_enabled=&#8221;off&#8221; button_two_letter_spacing__hover_enabled=&#8221;off&#8221; button_bg_color__hover_enabled=&#8221;off&#8221; button_one_bg_color__hover_enabled=&#8221;off&#8221; button_two_bg_color__hover_enabled=&#8221;off&#8221;][\/et_pb_contact_field][et_pb_contact_field field_id=&#8221;Email&#8221; field_title=&#8221;Email Address&#8221; field_type=&#8221;email&#8221; fullwidth_field=&#8221;on&#8221; _builder_version=&#8221;3.16&#8243; button_text_size__hover_enabled=&#8221;off&#8221; button_one_text_size__hover_enabled=&#8221;off&#8221; button_two_text_size__hover_enabled=&#8221;off&#8221; button_text_color__hover_enabled=&#8221;off&#8221; button_one_text_color__hover_enabled=&#8221;off&#8221; button_two_text_color__hover_enabled=&#8221;off&#8221; button_border_width__hover_enabled=&#8221;off&#8221; button_one_border_width__hover_enabled=&#8221;off&#8221; button_two_border_width__hover_enabled=&#8221;off&#8221; button_border_color__hover_enabled=&#8221;off&#8221; button_one_border_color__hover_enabled=&#8221;off&#8221; button_two_border_color__hover_enabled=&#8221;off&#8221; button_border_radius__hover_enabled=&#8221;off&#8221; button_one_border_radius__hover_enabled=&#8221;off&#8221; button_two_border_radius__hover_enabled=&#8221;off&#8221; button_letter_spacing__hover_enabled=&#8221;off&#8221; button_one_letter_spacing__hover_enabled=&#8221;off&#8221; button_two_letter_spacing__hover_enabled=&#8221;off&#8221; button_bg_color__hover_enabled=&#8221;off&#8221; button_one_bg_color__hover_enabled=&#8221;off&#8221; button_two_bg_color__hover_enabled=&#8221;off&#8221;][\/et_pb_contact_field][et_pb_contact_field field_id=&#8221;Field_4&#8243; field_title=&#8221;Choose the package&#8221; field_type=&#8221;select&#8221; select_options=&#8221;%91{%22value%22:%22Postcovid stay%22,%22checked%22:0,%22dragID%22:-1},{%22value%22:%22THERMA therapeutic stay%22,%22checked%22:0,%22dragID%22:0},{%22value%22:%22The Taste of the Adriatic  (Croatian package)%22,%22checked%22:0,%22dragID%22:1},{%22value%22:%22Beer Wellness for 3 nights%22,%22checked%22:0,%22dragID%22:5},{%22value%22:%22Aurora Wellness%22,%22checked%22:0,%22dragID%22:6},{%22value%22:%22Weekend stay%22,%22checked%22:0,%22dragID%22:7},{%22value%22:%22Golf Weekend for 2 nights%22,%22checked%22:0,%22dragID%22:2},{%22value%22:%22Golf &#038; Spa for 3 nights%22,%22checked%22:0,%22dragID%22:3},{%22value%22:%22Golf for Him &#8211; Spa for Her, 2 nights%22,%22checked%22:0,%22dragID%22:4}%93&#8243; fullwidth_field=&#8221;on&#8221; field_title_tablet=&#8221;&#8221; field_title_phone=&#8221;&#8221; field_title_last_edited=&#8221;on|desktop&#8221; _builder_version=&#8221;4.9.3&#8243; _module_preset=&#8221;default&#8221;][\/et_pb_contact_field][et_pb_contact_field field_id=&#8221;Field_5&#8243; field_title=&#8221;Dates&#8221; fullwidth_field=&#8221;on&#8221; _builder_version=&#8221;4.9.3&#8243; _module_preset=&#8221;default&#8221;][\/et_pb_contact_field][et_pb_contact_field field_id=&#8221;Message&#8221; field_title=&#8221;Message&#8221; field_type=&#8221;text&#8221; fullwidth_field=&#8221;on&#8221; _builder_version=&#8221;3.16&#8243; button_text_size__hover_enabled=&#8221;off&#8221; button_one_text_size__hover_enabled=&#8221;off&#8221; button_two_text_size__hover_enabled=&#8221;off&#8221; button_text_color__hover_enabled=&#8221;off&#8221; button_one_text_color__hover_enabled=&#8221;off&#8221; button_two_text_color__hover_enabled=&#8221;off&#8221; button_border_width__hover_enabled=&#8221;off&#8221; button_one_border_width__hover_enabled=&#8221;off&#8221; button_two_border_width__hover_enabled=&#8221;off&#8221; button_border_color__hover_enabled=&#8221;off&#8221; button_one_border_color__hover_enabled=&#8221;off&#8221; button_two_border_color__hover_enabled=&#8221;off&#8221; button_border_radius__hover_enabled=&#8221;off&#8221; button_one_border_radius__hover_enabled=&#8221;off&#8221; button_two_border_radius__hover_enabled=&#8221;off&#8221; button_letter_spacing__hover_enabled=&#8221;off&#8221; button_one_letter_spacing__hover_enabled=&#8221;off&#8221; button_two_letter_spacing__hover_enabled=&#8221;off&#8221; button_bg_color__hover_enabled=&#8221;off&#8221; button_one_bg_color__hover_enabled=&#8221;off&#8221; button_two_bg_color__hover_enabled=&#8221;off&#8221;][\/et_pb_contact_field][\/et_pb_contact_form][\/et_pb_column_inner][\/et_pb_row_inner][\/et_pb_column][et_pb_column type=&#8221;1_4&#8243; _builder_version=&#8221;3.25&#8243; custom_padding=&#8221;|||&#8221; custom_padding__hover=&#8221;|||&#8221;][et_pb_social_media_follow _builder_version=&#8221;4.9.3&#8243; max_width=&#8221;60px&#8221; max_width_tablet=&#8221;100%&#8221; max_width_phone=&#8221;&#8221; max_width_last_edited=&#8221;on|tablet&#8221; border_radii=&#8221;on|100px|100px|100px|100px&#8221; locked=&#8221;off&#8221;][et_pb_social_media_follow_network social_network=&#8221;facebook&#8221; url=&#8221;https:\/\/www.facebook.com\/flamarkhotels\/&#8221; _builder_version=&#8221;4.9.3&#8243; background_color=&#8221;#b2b9c4&#8243; custom_margin=&#8221;4px|4px|4px|4px|true|true&#8221; custom_padding=&#8221;6px|6px|6px|6px|true|true&#8221; follow_button=&#8221;off&#8221; url_new_window=&#8221;on&#8221;]facebook[\/et_pb_social_media_follow_network][et_pb_social_media_follow_network social_network=&#8221;instagram&#8221; url=&#8221;https:\/\/www.instagram.com\/schlosshotel_marienbad\/&#8221; _builder_version=&#8221;4.9.3&#8243; background_color=&#8221;#b2b9c4&#8243; custom_margin=&#8221;4px|4px|4px|4px|true|true&#8221; custom_padding=&#8221;6px|6px|6px|6px|true|true&#8221; follow_button=&#8221;off&#8221; url_new_window=&#8221;on&#8221;]instagram[\/et_pb_social_media_follow_network][\/et_pb_social_media_follow][\/et_pb_column][\/et_pb_section][et_pb_section fb_built=&#8221;1&#8243; admin_label=&#8221;Driving Directions&#8221; _builder_version=&#8221;3.22&#8243;][et_pb_row column_structure=&#8221;1_5,1_5,1_5,1_5,1_5&#8243; _builder_version=&#8221;3.25&#8243;][et_pb_column type=&#8221;1_5&#8243; _builder_version=&#8221;3.25&#8243; custom_padding=&#8221;|||&#8221; custom_padding__hover=&#8221;|||&#8221;][et_pb_image src=&#8221;http:\/\/schlosshotel.ayanaut.com\/wp-content\/uploads\/2021\/04\/Hotel-fasada-1920&#215;1280-RES.jpg&#8221; title_text=&#8221;Hotel fasada 1920&#215;1280 RES&#8221; _builder_version=&#8221;4.9.3&#8243; _module_preset=&#8221;default&#8221;][\/et_pb_image][\/et_pb_column][et_pb_column type=&#8221;1_5&#8243; _builder_version=&#8221;3.25&#8243; custom_padding=&#8221;|||&#8221; custom_padding__hover=&#8221;|||&#8221;][et_pb_image src=&#8221;http:\/\/schlosshotel.ayanaut.com\/wp-content\/uploads\/2021\/04\/Fountain-kolonada1920x1280.jpg&#8221; alt=&#8221;Kolonada&#8221; title_text=&#8221;Fountain-kolonada1920x1280&#8243; _builder_version=&#8221;4.9.3&#8243; _module_preset=&#8221;default&#8221;][\/et_pb_image][\/et_pb_column][et_pb_column type=&#8221;1_5&#8243; _builder_version=&#8221;3.25&#8243; custom_padding=&#8221;|||&#8221; custom_padding__hover=&#8221;|||&#8221;][et_pb_image src=&#8221;http:\/\/schlosshotel.ayanaut.com\/wp-content\/uploads\/2021\/04\/Golf-course-1920&#215;1280-1.jpg&#8221; title_text=&#8221;Golf course 1920&#215;1280&#8243; _builder_version=&#8221;4.9.3&#8243; _module_preset=&#8221;default&#8221;][\/et_pb_image][\/et_pb_column][et_pb_column type=&#8221;1_5&#8243; _builder_version=&#8221;3.25&#8243; custom_padding=&#8221;|||&#8221; custom_padding__hover=&#8221;|||&#8221;][et_pb_image src=&#8221;http:\/\/schlosshotel.ayanaut.com\/wp-content\/uploads\/2021\/04\/Colonada-view1920x1280.jpg&#8221; alt=&#8221;Weddings&#8221; title_text=&#8221;Colonada view1920x1280&#8243; _builder_version=&#8221;4.9.3&#8243; _module_preset=&#8221;default&#8221;][\/et_pb_image][\/et_pb_column][et_pb_column type=&#8221;1_5&#8243; _builder_version=&#8221;3.25&#8243; custom_padding=&#8221;|||&#8221; custom_padding__hover=&#8221;|||&#8221;][et_pb_image src=&#8221;http:\/\/schlosshotel.ayanaut.com\/wp-content\/uploads\/2021\/04\/Bar3-1920&#215;1280-1.jpg&#8221; title_text=&#8221;Bar3-1920&#215;1280&#8243; _builder_version=&#8221;4.9.3&#8243; _module_preset=&#8221;default&#8221;][\/et_pb_image][\/et_pb_column][\/et_pb_row][\/et_pb_section]<\/p>\n","protected":false},"excerpt":{"rendered":"<p>schlosshotel.cz Request formfacebookinstagram<\/p>\n","protected":false},"author":2,"featured_media":0,"parent":0,"menu_order":0,"comment_status":"closed","ping_status":"closed","template":"","meta":{"_et_pb_use_builder":"on","_et_pb_old_content":"","_et_gb_content_width":"","_monsterinsights_skip_tracking":false,"_monsterinsights_sitenote_active":false,"_monsterinsights_sitenote_note":"","_monsterinsights_sitenote_category":0},"yoast_head":"<!-- This site is optimized with the Yoast SEO plugin v18.0 - https:\/\/yoast.com\/wordpress\/plugins\/seo\/ -->\n<title>Contact form - SCHLOSSHOTEL MARIENBAD<\/title>\n<meta name=\"robots\" content=\"index, follow, max-snippet:-1, max-image-preview:large, max-video-preview:-1\" \/>\n<link rel=\"canonical\" href=\"https:\/\/schlosshotel.ayanaut.com\/en\/contact-form\/\" \/>\n<meta property=\"og:locale\" content=\"en_US\" \/>\n<meta property=\"og:type\" content=\"article\" \/>\n<meta property=\"og:title\" content=\"Contact form - SCHLOSSHOTEL MARIENBAD\" \/>\n<meta property=\"og:description\" content=\"schlosshotel.cz Request formfacebookinstagram\" \/>\n<meta property=\"og:url\" content=\"https:\/\/schlosshotel.ayanaut.com\/en\/contact-form\/\" \/>\n<meta property=\"og:site_name\" content=\"SCHLOSSHOTEL MARIENBAD\" \/>\n<meta property=\"article:publisher\" content=\"https:\/\/www.facebook.com\/flamarkhotels\/\" \/>\n<meta property=\"article:modified_time\" content=\"2021-06-24T07:43:08+00:00\" \/>\n<meta name=\"twitter:card\" content=\"summary\" \/>\n<meta name=\"twitter:site\" content=\"@SMarienbad\" \/>\n<script type=\"application\/ld+json\" class=\"yoast-schema-graph\">{\"@context\":\"https:\/\/schema.org\",\"@graph\":[{\"@type\":\"Organization\",\"@id\":\"https:\/\/schlosshotel.ayanaut.com\/#organization\",\"name\":\"Schlosshotel Marienbad\",\"url\":\"https:\/\/schlosshotel.ayanaut.com\/\",\"sameAs\":[\"https:\/\/www.facebook.com\/flamarkhotels\/\",\"https:\/\/www.instagram.com\/schlosshotel_marienbad\/?hl=cs\",\"https:\/\/twitter.com\/SMarienbad\"],\"logo\":{\"@type\":\"ImageObject\",\"@id\":\"https:\/\/schlosshotel.ayanaut.com\/#logo\",\"inLanguage\":\"en-US\",\"url\":\"http:\/\/schlosshotel.ayanaut.com\/wp-content\/uploads\/2020\/04\/Logo_Schlosshotel_Marienbad.jpg\",\"contentUrl\":\"http:\/\/schlosshotel.ayanaut.com\/wp-content\/uploads\/2020\/04\/Logo_Schlosshotel_Marienbad.jpg\",\"width\":591,\"height\":154,\"caption\":\"Schlosshotel Marienbad\"},\"image\":{\"@id\":\"https:\/\/schlosshotel.ayanaut.com\/#logo\"}},{\"@type\":\"WebSite\",\"@id\":\"https:\/\/schlosshotel.ayanaut.com\/#website\",\"url\":\"https:\/\/schlosshotel.ayanaut.com\/\",\"name\":\"SCHLOSSHOTEL MARIENBAD\",\"description\":\"Chorvatsk\u00e1 restaurace, Pivn\u00ed wellness, Mari\u00e1nsk\u00e9 L\u00e1zn\u011b, ubytovan\u00ed, svatby, mas\u00e1\u017ee, procedury, Marianske Lazne, accommodation, weddings, massages, spa treatmens, Schlosshotel, Kururlaub, Marienbad, Unterkunft, Hochzeiten, Massagen, Kurbehandlungen\",\"publisher\":{\"@id\":\"https:\/\/schlosshotel.ayanaut.com\/#organization\"},\"potentialAction\":[{\"@type\":\"SearchAction\",\"target\":{\"@type\":\"EntryPoint\",\"urlTemplate\":\"https:\/\/schlosshotel.ayanaut.com\/?s={search_term_string}\"},\"query-input\":\"required name=search_term_string\"}],\"inLanguage\":\"en-US\"},{\"@type\":\"WebPage\",\"@id\":\"https:\/\/schlosshotel.ayanaut.com\/en\/contact-form\/#webpage\",\"url\":\"https:\/\/schlosshotel.ayanaut.com\/en\/contact-form\/\",\"name\":\"Contact form - SCHLOSSHOTEL MARIENBAD\",\"isPartOf\":{\"@id\":\"https:\/\/schlosshotel.ayanaut.com\/#website\"},\"datePublished\":\"2021-04-28T09:42:39+00:00\",\"dateModified\":\"2021-06-24T07:43:08+00:00\",\"breadcrumb\":{\"@id\":\"https:\/\/schlosshotel.ayanaut.com\/en\/contact-form\/#breadcrumb\"},\"inLanguage\":\"en-US\",\"potentialAction\":[{\"@type\":\"ReadAction\",\"target\":[\"https:\/\/schlosshotel.ayanaut.com\/en\/contact-form\/\"]}]},{\"@type\":\"BreadcrumbList\",\"@id\":\"https:\/\/schlosshotel.ayanaut.com\/en\/contact-form\/#breadcrumb\",\"itemListElement\":[{\"@type\":\"ListItem\",\"position\":1,\"name\":\"Home\",\"item\":\"https:\/\/schlosshotel.ayanaut.com\/en\/\"},{\"@type\":\"ListItem\",\"position\":2,\"name\":\"Contact form\"}]}]}<\/script>\n<!-- \/ Yoast SEO plugin. -->","yoast_head_json":{"title":"Contact form - SCHLOSSHOTEL MARIENBAD","robots":{"index":"index","follow":"follow","max-snippet":"max-snippet:-1","max-image-preview":"max-image-preview:large","max-video-preview":"max-video-preview:-1"},"canonical":"https:\/\/schlosshotel.ayanaut.com\/en\/contact-form\/","og_locale":"en_US","og_type":"article","og_title":"Contact form - SCHLOSSHOTEL MARIENBAD","og_description":"schlosshotel.cz Request formfacebookinstagram","og_url":"https:\/\/schlosshotel.ayanaut.com\/en\/contact-form\/","og_site_name":"SCHLOSSHOTEL MARIENBAD","article_publisher":"https:\/\/www.facebook.com\/flamarkhotels\/","article_modified_time":"2021-06-24T07:43:08+00:00","twitter_card":"summary","twitter_site":"@SMarienbad","schema":{"@context":"https:\/\/schema.org","@graph":[{"@type":"Organization","@id":"https:\/\/schlosshotel.ayanaut.com\/#organization","name":"Schlosshotel Marienbad","url":"https:\/\/schlosshotel.ayanaut.com\/","sameAs":["https:\/\/www.facebook.com\/flamarkhotels\/","https:\/\/www.instagram.com\/schlosshotel_marienbad\/?hl=cs","https:\/\/twitter.com\/SMarienbad"],"logo":{"@type":"ImageObject","@id":"https:\/\/schlosshotel.ayanaut.com\/#logo","inLanguage":"en-US","url":"http:\/\/schlosshotel.ayanaut.com\/wp-content\/uploads\/2020\/04\/Logo_Schlosshotel_Marienbad.jpg","contentUrl":"http:\/\/schlosshotel.ayanaut.com\/wp-content\/uploads\/2020\/04\/Logo_Schlosshotel_Marienbad.jpg","width":591,"height":154,"caption":"Schlosshotel Marienbad"},"image":{"@id":"https:\/\/schlosshotel.ayanaut.com\/#logo"}},{"@type":"WebSite","@id":"https:\/\/schlosshotel.ayanaut.com\/#website","url":"https:\/\/schlosshotel.ayanaut.com\/","name":"SCHLOSSHOTEL MARIENBAD","description":"Chorvatsk\u00e1 restaurace, Pivn\u00ed wellness, Mari\u00e1nsk\u00e9 L\u00e1zn\u011b, ubytovan\u00ed, svatby, mas\u00e1\u017ee, procedury, Marianske Lazne, accommodation, weddings, massages, spa treatmens, Schlosshotel, Kururlaub, Marienbad, Unterkunft, Hochzeiten, Massagen, Kurbehandlungen","publisher":{"@id":"https:\/\/schlosshotel.ayanaut.com\/#organization"},"potentialAction":[{"@type":"SearchAction","target":{"@type":"EntryPoint","urlTemplate":"https:\/\/schlosshotel.ayanaut.com\/?s={search_term_string}"},"query-input":"required name=search_term_string"}],"inLanguage":"en-US"},{"@type":"WebPage","@id":"https:\/\/schlosshotel.ayanaut.com\/en\/contact-form\/#webpage","url":"https:\/\/schlosshotel.ayanaut.com\/en\/contact-form\/","name":"Contact form - SCHLOSSHOTEL MARIENBAD","isPartOf":{"@id":"https:\/\/schlosshotel.ayanaut.com\/#website"},"datePublished":"2021-04-28T09:42:39+00:00","dateModified":"2021-06-24T07:43:08+00:00","breadcrumb":{"@id":"https:\/\/schlosshotel.ayanaut.com\/en\/contact-form\/#breadcrumb"},"inLanguage":"en-US","potentialAction":[{"@type":"ReadAction","target":["https:\/\/schlosshotel.ayanaut.com\/en\/contact-form\/"]}]},{"@type":"BreadcrumbList","@id":"https:\/\/schlosshotel.ayanaut.com\/en\/contact-form\/#breadcrumb","itemListElement":[{"@type":"ListItem","position":1,"name":"Home","item":"https:\/\/schlosshotel.ayanaut.com\/en\/"},{"@type":"ListItem","position":2,"name":"Contact form"}]}]}},"_links":{"self":[{"href":"https:\/\/schlosshotel.ayanaut.com\/en\/wp-json\/wp\/v2\/pages\/3482"}],"collection":[{"href":"https:\/\/schlosshotel.ayanaut.com\/en\/wp-json\/wp\/v2\/pages"}],"about":[{"href":"https:\/\/schlosshotel.ayanaut.com\/en\/wp-json\/wp\/v2\/types\/page"}],"author":[{"embeddable":true,"href":"https:\/\/schlosshotel.ayanaut.com\/en\/wp-json\/wp\/v2\/users\/2"}],"replies":[{"embeddable":true,"href":"https:\/\/schlosshotel.ayanaut.com\/en\/wp-json\/wp\/v2\/comments?post=3482"}],"version-history":[{"count":4,"href":"https:\/\/schlosshotel.ayanaut.com\/en\/wp-json\/wp\/v2\/pages\/3482\/revisions"}],"predecessor-version":[{"id":4777,"href":"https:\/\/schlosshotel.ayanaut.com\/en\/wp-json\/wp\/v2\/pages\/3482\/revisions\/4777"}],"wp:attachment":[{"href":"https:\/\/schlosshotel.ayanaut.com\/en\/wp-json\/wp\/v2\/media?parent=3482"}],"curies":[{"name":"wp","href":"https:\/\/api.w.org\/{rel}","templated":true}]}}